{"id":7499,"date":"2024-06-13T07:54:17","date_gmt":"2024-06-13T07:54:17","guid":{"rendered":"https:\/\/2024.fotografestival.cz\/rocnik-2024\/program\/"},"modified":"2024-07-31T09:32:04","modified_gmt":"2024-07-31T09:32:04","slug":"program","status":"publish","type":"page","link":"https:\/\/2024.fotografestival.cz\/en\/rocnik-2024\/program\/","title":{"rendered":"Program"},"content":{"rendered":"<div id=\"pl-7499\"  class=\"panel-layout\" ><div id=\"pg-7499-0\"  class=\"panel-grid panel-has-style\" ><div class=\"siteorigin-panels-stretch panel-row-style-default panel-row-width-default panel-row-padding-none panel-row-style panel-row-style-for-7499-0\" data-stretch-type=\"full\" ><div id=\"pgc-7499-0-0\"  class=\"panel-grid-cell\" >\n\t<!-- events-exhibition -->\n\t\n\t\t\n\t\t<!-- loop-events -->\n\t\t\n\t\t<div id=\"panel-7499-0-0-0\" class=\"so-panel widget widget_sow-editor panel-first-child panel-last-child width-normal\" data-index=\"0\" ><div\n\t\t\t\n\t\t\tclass=\"so-widget-sow-editor so-widget-sow-editor-base\"\n\t\t\t\n\t\t>\n<div class=\"siteorigin-widget-tinymce textwidget\">\n\t<section class=\"ff-events block-container\"><div class=\"events events-archive events-class \">\n\t\t<div class=\"loop-events mgrezqo\">\n\n    <a class=\"ff-event d-flex\" href=\"https:\/\/2024.fotografestival.cz\/en\/event\/opening-of-the-fotograf-festival\/\"><div class=\"container g-0 ps-5\"><div class=\"d-flex flex-column flex-lg-row justify-content-between\"><span class=\"ff-event-date\"><span class=\"post-date-from\">3.&nbsp;10.<\/span> <span>2024<\/span><\/span><span class=\"ff-event-type\">Opening of the festival<\/span><h2 class=\"ff-event-title\">Opening of the Fotograf Festival<\/h2><span class=\"ff-event-venue\">Fotograf Gallery<br \/>Jungmannova&nbsp;7, Prague&nbsp;1<\/span><\/div><\/div><\/a><hr class=\"full-width\" \/><a class=\"ff-event d-flex\" href=\"https:\/\/2024.fotografestival.cz\/en\/event\/opening-make-voices-be-heard-chapter-one\/\"><div class=\"container g-0 ps-5\"><div class=\"d-flex flex-column flex-lg-row justify-content-between\"><span class=\"ff-event-date\"><span class=\"post-date-from\">3.&nbsp;10.<\/span> <span>2024<\/span><\/span><span class=\"ff-event-type\">Opening<\/span><h2 class=\"ff-event-title\">Opening \u2013 Make Voices Be Heard: Chapter One<\/h2><span class=\"ff-event-venue\">Fotograf Gallery<br \/>Jungmannova&nbsp;7, Prague&nbsp;1<\/span><\/div><\/div><\/a><hr class=\"full-width\" \/><a class=\"ff-event d-flex\" href=\"https:\/\/2024.fotografestival.cz\/en\/event\/make-voices-be-heard-chapter-one\/\"><div class=\"container g-0 ps-5\"><div class=\"d-flex flex-column flex-lg-row justify-content-between\"><span class=\"ff-event-date\"><span class=\"post-date-from\">dsad4&nbsp;Oct&nbsp;&ndash;&nbsp;8&nbsp;Nov<\/span> <span>2024<\/span><\/span><span class=\"ff-event-type\">Exhibition<\/span><h2 class=\"ff-event-title\">Make Voices Be Heard: Chapter One<\/h2><span class=\"ff-event-venue\">Fotograf Gallery<br \/>Jungmannova&nbsp;7, Prague&nbsp;1<\/span><\/div><\/div><\/a><hr class=\"full-width\" \/><a class=\"ff-event d-flex\" href=\"https:\/\/2024.fotografestival.cz\/en\/event\/guided-tour-make-voices-be-heard-chapter-one\/\"><div class=\"container g-0 ps-5\"><div class=\"d-flex flex-column flex-lg-row justify-content-between\"><span class=\"ff-event-date\"><span class=\"post-date-from\">4.&nbsp;10.<\/span> <span>2024<\/span><\/span><span class=\"ff-event-type\">Guided Tour<\/span><h2 class=\"ff-event-title\">Guided tour \u2013 Make Voices Be Heard: Chapter One<\/h2><span class=\"ff-event-venue\">Fotograf Gallery<br \/>Jungmannova&nbsp;7, Prague&nbsp;1<\/span><\/div><\/div><\/a><hr class=\"full-width\" \/><a class=\"ff-event d-flex\" href=\"https:\/\/2024.fotografestival.cz\/en\/event\/opening-make-voices-be-heard-chapter-two\/\"><div class=\"container g-0 ps-5\"><div class=\"d-flex flex-column flex-lg-row justify-content-between\"><span class=\"ff-event-date\"><span class=\"post-date-from\">8.&nbsp;10.<\/span> <span>2024<\/span><\/span><span class=\"ff-event-type\">Opening<\/span><h2 class=\"ff-event-title\">Opening \u2013 Make Voices Be Heard: Chapter Two<\/h2><span class=\"ff-event-venue\">Etc. Gallery<br \/>Sarajevsk\u00e1 16, Prague&nbsp;2<\/span><\/div><\/div><\/a><hr class=\"full-width\" \/><a class=\"ff-event d-flex\" href=\"https:\/\/2024.fotografestival.cz\/en\/event\/make-voices-be-heard-chapter-two\/\"><div class=\"container g-0 ps-5\"><div class=\"d-flex flex-column flex-lg-row justify-content-between\"><span class=\"ff-event-date\"><span class=\"post-date-from\">dsad9&nbsp;Oct&nbsp;&ndash;&nbsp;20&nbsp;Oct<\/span> <span>2024<\/span><\/span><span class=\"ff-event-type\">Exhibition<\/span><h2 class=\"ff-event-title\">Make Voices Be Heard: Chapter Two<\/h2><span class=\"ff-event-venue\">Etc. Gallery<br \/>Sarajevsk\u00e1 16, Prague&nbsp;2<\/span><\/div><\/div><\/a><hr class=\"full-width\" \/><a class=\"ff-event d-flex\" href=\"https:\/\/2024.fotografestival.cz\/en\/event\/guided-tour-make-voices-be-heard-chapter-two\/\"><div class=\"container g-0 ps-5\"><div class=\"d-flex flex-column flex-lg-row justify-content-between\"><span class=\"ff-event-date\"><span class=\"post-date-from\">9.&nbsp;10.<\/span> <span>2024<\/span><\/span><span class=\"ff-event-type\">Guided Tour<\/span><h2 class=\"ff-event-title\">Guided tour \u2013 Make Voices Be Heard: Chapter Two<\/h2><span class=\"ff-event-venue\">Etc. Gallery<br \/>Sarajevsk\u00e1 16, Prague&nbsp;2<\/span><\/div><\/div><\/a><hr class=\"full-width\" \/><a class=\"ff-event d-flex\" href=\"https:\/\/2024.fotografestival.cz\/en\/event\/opening-make-voices-be-heard-chapter-three\/\"><div class=\"container g-0 ps-5\"><div class=\"d-flex flex-column flex-lg-row justify-content-between\"><span class=\"ff-event-date\"><span class=\"post-date-from\">10.&nbsp;10.<\/span> <span>2024<\/span><\/span><span class=\"ff-event-type\">Opening<\/span><h2 class=\"ff-event-title\">Opening \u2013 Make Voices Be Heard: Chapter Three<\/h2><span class=\"ff-event-venue\">Hunt Kastner<br \/>Bo\u0159ivojova&nbsp;85, Prague&nbsp;3<br \/>\n<\/span><\/div><\/div><\/a><hr class=\"full-width\" \/><a class=\"ff-event d-flex\" href=\"https:\/\/2024.fotografestival.cz\/en\/event\/make-voices-be-heard-chapter-three\/\"><div class=\"container g-0 ps-5\"><div class=\"d-flex flex-column flex-lg-row justify-content-between\"><span class=\"ff-event-date\"><span class=\"post-date-from\">dsad11&nbsp;Oct&nbsp;&ndash;&nbsp;2&nbsp;Nov<\/span> <span>2024<\/span><\/span><span class=\"ff-event-type\">Exhibition<\/span><h2 class=\"ff-event-title\">Make Voices Be Heard: Chapter Three<\/h2><span class=\"ff-event-venue\">Hunt Kastner<br \/>Bo\u0159ivojova&nbsp;85, Prague&nbsp;3<br \/>\n<\/span><\/div><\/div><\/a><hr class=\"full-width\" \/><a class=\"ff-event d-flex\" href=\"https:\/\/2024.fotografestival.cz\/en\/event\/guided-tour-make-voices-be-heard-chapter-three\/\"><div class=\"container g-0 ps-5\"><div class=\"d-flex flex-column flex-lg-row justify-content-between\"><span class=\"ff-event-date\"><span class=\"post-date-from\">11.&nbsp;10.<\/span> <span>2024<\/span><\/span><span class=\"ff-event-type\">Guided Tour<\/span><h2 class=\"ff-event-title\">Guided tour \u2013 Make Voices Be Heard: Chapter Three<\/h2><span class=\"ff-event-venue\">Hunt Kastner<br \/>Bo\u0159ivojova&nbsp;85, Prague&nbsp;3<br \/>\n<\/span><\/div><\/div><\/a><hr class=\"full-width\" \/><a class=\"ff-event d-flex\" href=\"https:\/\/2024.fotografestival.cz\/en\/event\/why-and-how-to-discuss-decolonisation-in-the-czech-republic\/\"><div class=\"container g-0 ps-5\"><div class=\"d-flex flex-column flex-lg-row justify-content-between\"><span class=\"ff-event-date\"><span class=\"post-date-from\">15.&nbsp;10.<\/span> <span>2024<\/span><\/span><span class=\"ff-event-type\">Discussion<\/span><h2 class=\"ff-event-title\">Why and How to Discuss Decolonisation in the Czech Republic?<\/h2><span class=\"ff-event-venue\">Fotograf Gallery<br \/>Jungmannova&nbsp;7, Prague&nbsp;1<\/span><\/div><\/div><\/a><hr class=\"full-width\" \/><a class=\"ff-event d-flex\" href=\"https:\/\/2024.fotografestival.cz\/en\/event\/opening-yutopislavia\/\"><div class=\"container g-0 ps-5\"><div class=\"d-flex flex-column flex-lg-row justify-content-between\"><span class=\"ff-event-date\"><span class=\"post-date-from\">16.&nbsp;10.<\/span> <span>2024<\/span><\/span><span class=\"ff-event-type\">Opening<\/span><h2 class=\"ff-event-title\">Opening \u2013 Yutopislavia<\/h2><span class=\"ff-event-venue\">Auditorium of the Centre for Contemporary Art<br \/>Dukelsk\u00fdch Hrdin\u016f 25<br \/>\r\n170&nbsp;00 Praha&nbsp;7<\/span><\/div><\/div><\/a><hr class=\"full-width\" \/><a class=\"ff-event d-flex\" href=\"https:\/\/2024.fotografestival.cz\/en\/event\/yutopislavia\/\"><div class=\"container g-0 ps-5\"><div class=\"d-flex flex-column flex-lg-row justify-content-between\"><span class=\"ff-event-date\"><span class=\"post-date-from\">dsad17&nbsp;Oct&nbsp;&ndash;&nbsp;15&nbsp;Jan<\/span> <span>2025<\/span><\/span><span class=\"ff-event-type\">Exhibition<\/span><h2 class=\"ff-event-title\">Yutopislavia<\/h2><span class=\"ff-event-venue\">Artwall<br \/>N\u00e1b\u0159e\u017e\u00ed Kapit\u00e1na Jaro\u0161e&nbsp;1000\/7, Prague&nbsp;7<\/span><\/div><\/div><\/a><hr class=\"full-width\" \/><a class=\"ff-event d-flex\" href=\"https:\/\/2024.fotografestival.cz\/en\/event\/guided-tour-of-three-festival-exhibitions\/\"><div class=\"container g-0 ps-5\"><div class=\"d-flex flex-column flex-lg-row justify-content-between\"><span class=\"ff-event-date\"><span class=\"post-date-from\">20.&nbsp;10.<\/span> <span>2024<\/span><\/span><span class=\"ff-event-type\">Guided Tour<\/span><h2 class=\"ff-event-title\">Guided tour of three festival exhibitions<\/h2><span class=\"ff-event-venue\">Fotograf Gallery<br \/>Jungmannova&nbsp;7, Prague&nbsp;1<\/span><\/div><\/div><\/a><hr class=\"full-width\" \/><a class=\"ff-event d-flex\" href=\"https:\/\/2024.fotografestival.cz\/en\/event\/allan-sekula-photography-between-labour-and-capital-an-eternal-esthetics-of-laborious-gestures\/\"><div class=\"container g-0 ps-5\"><div class=\"d-flex flex-column flex-lg-row justify-content-between\"><span class=\"ff-event-date\"><span class=\"post-date-from\">21.&nbsp;10.<\/span> <span>2024<\/span><\/span><span class=\"ff-event-type\">Event<\/span><h2 class=\"ff-event-title\">Allan Sekula: Photography Between Labour and Capital &#038; An Eternal Esthetics of Laborious Gestures<\/h2><span class=\"ff-event-venue\">Display<br \/>Dittrichova&nbsp;9\/337, Prague&nbsp;2<\/span><\/div><\/div><\/a><hr class=\"full-width\" \/><a class=\"ff-event d-flex\" href=\"https:\/\/2024.fotografestival.cz\/en\/event\/opening-make-voices-be-heard-chapter-four-mor-wen-dj-set\/\"><div class=\"container g-0 ps-5\"><div class=\"d-flex flex-column flex-lg-row justify-content-between\"><span class=\"ff-event-date\"><span class=\"post-date-from\">24.&nbsp;10.<\/span> <span>2024<\/span><\/span><span class=\"ff-event-type\">Opening<\/span><h2 class=\"ff-event-title\">Opening \u2013 Make Voices Be Heard: Chapter Four &#038; Mor Wen DJ set<\/h2><span class=\"ff-event-venue\">Meetfactory<br \/>MeetFactory, o. p. s.<br \/>\r\nKe Skl\u00e1rn\u011b 3213\/15<br \/>\r\n150&nbsp;00 Praha&nbsp;5<\/span><\/div><\/div><\/a><hr class=\"full-width\" \/><a class=\"ff-event d-flex\" href=\"https:\/\/2024.fotografestival.cz\/en\/event\/make-voices-be-heard-chapter-four\/\"><div class=\"container g-0 ps-5\"><div class=\"d-flex flex-column flex-lg-row justify-content-between\"><span class=\"ff-event-date\"><span class=\"post-date-from\">dsad25&nbsp;Oct&nbsp;&ndash;&nbsp;6&nbsp;Jan<\/span> <span>2025<\/span><\/span><span class=\"ff-event-type\">Exhibition<\/span><h2 class=\"ff-event-title\">Make Voices Be Heard: Chapter Four<\/h2><span class=\"ff-event-venue\">Meetfactory<br \/>MeetFactory, o. p. s.<br \/>\r\nKe Skl\u00e1rn\u011b 3213\/15<br \/>\r\n150&nbsp;00 Praha&nbsp;5<\/span><\/div><\/div><\/a><hr class=\"full-width\" \/><a class=\"ff-event d-flex\" href=\"https:\/\/2024.fotografestival.cz\/en\/event\/guided-tour-make-voices-be-heard-chapter-four\/\"><div class=\"container g-0 ps-5\"><div class=\"d-flex flex-column flex-lg-row justify-content-between\"><span class=\"ff-event-date\"><span class=\"post-date-from\">25.&nbsp;10.<\/span> <span>2024<\/span><\/span><span class=\"ff-event-type\">Guided Tour<\/span><h2 class=\"ff-event-title\">Guided tour \u2013 Make Voices Be Heard: Chapter Four<\/h2><span class=\"ff-event-venue\">Meetfactory<br \/>MeetFactory, o. p. s.<br \/>\r\nKe Skl\u00e1rn\u011b 3213\/15<br \/>\r\n150&nbsp;00 Praha&nbsp;5<\/span><\/div><\/div><\/a><hr class=\"full-width\" \/><a class=\"ff-event d-flex\" href=\"https:\/\/2024.fotografestival.cz\/en\/event\/lecture-by-madina-tlostanova-decolonial-double-critique-and-the-artworlds-of-the-no-longer-post-socialist-countries\/\"><div class=\"container g-0 ps-5\"><div class=\"d-flex flex-column flex-lg-row justify-content-between\"><span class=\"ff-event-date\"><span class=\"post-date-from\">26.&nbsp;10.<\/span> <span>2024<\/span><\/span><span class=\"ff-event-type\">Lecture<\/span><h2 class=\"ff-event-title\">Lecture by Madina Tlostanova: Decolonial \u201cDouble Critique\u201d and the artworlds of the no-longer-post-socialist countries<\/h2><span class=\"ff-event-venue\">UMPRUM Technology Centrer Mikulandsk\u00e1<br \/>Mikulandsk\u00e1 134\/5<br \/>\r\n110&nbsp;00 Praha&nbsp;1<\/span><\/div><\/div><\/a><hr class=\"full-width\" \/><a class=\"ff-event d-flex\" href=\"https:\/\/2024.fotografestival.cz\/en\/event\/opening-pop-up-exhibition-memory-of-boundaries\/\"><div class=\"container g-0 ps-5\"><div class=\"d-flex flex-column flex-lg-row justify-content-between\"><span class=\"ff-event-date\"><span class=\"post-date-from\">1.&nbsp;11.<\/span> <span>2024<\/span><\/span><span class=\"ff-event-type\">Opening<\/span><h2 class=\"ff-event-title\">Opening \u2013 Pop-up Exhibition Memory of Boundaries<\/h2><span class=\"ff-event-venue\">Exit from M\u016fstek Station, A line<br \/>V\u00e1clavsk\u00e9 n\u00e1m. 772\/2<br \/>\r\n110&nbsp;00 M\u016fstek<\/span><\/div><\/div><\/a><hr class=\"full-width\" \/><a class=\"ff-event d-flex\" href=\"https:\/\/2024.fotografestival.cz\/en\/event\/pop-up-exhibition-memory-of-boundaries\/\"><div class=\"container g-0 ps-5\"><div class=\"d-flex flex-column flex-lg-row justify-content-between\"><span class=\"ff-event-date\"><span class=\"post-date-from\">dsad2&nbsp;Nov&nbsp;&ndash;&nbsp;15&nbsp;Nov<\/span> <span>2024<\/span><\/span><span class=\"ff-event-type\">Exhibition<\/span><h2 class=\"ff-event-title\">Pop-up Exhibition Memory of Boundaries<\/h2><span class=\"ff-event-venue\">Exit from M\u016fstek Station, A line<br \/>V\u00e1clavsk\u00e9 n\u00e1m. 772\/2<br \/>\r\n110&nbsp;00 M\u016fstek<\/span><\/div><\/div><\/a><hr class=\"full-width\" \/><a class=\"ff-event d-flex\" href=\"https:\/\/2024.fotografestival.cz\/en\/event\/guided-tour-make-voices-be-heard-chapter-four-2\/\"><div class=\"container g-0 ps-5\"><div class=\"d-flex flex-column flex-lg-row justify-content-between\"><span class=\"ff-event-date\"><span class=\"post-date-from\">3.&nbsp;11.<\/span> <span>2024<\/span><\/span><span class=\"ff-event-type\">Guided Tour<\/span><h2 class=\"ff-event-title\">Guided tour \u2013 Make Voices Be Heard: Chapter Four<\/h2><span class=\"ff-event-venue\">Meetfactory<br \/>MeetFactory, o. p. s.<br \/>\r\nKe Skl\u00e1rn\u011b 3213\/15<br \/>\r\n150&nbsp;00 Praha&nbsp;5<\/span><\/div><\/div><\/a><hr class=\"full-width\" \/><a class=\"ff-event d-flex\" href=\"https:\/\/2024.fotografestival.cz\/en\/event\/senior-voices-an-afternoon-with-elpida\/\"><div class=\"container g-0 ps-5\"><div class=\"d-flex flex-column flex-lg-row justify-content-between\"><span class=\"ff-event-date\"><span class=\"post-date-from\">3.&nbsp;11.<\/span> <span>2024<\/span><\/span><span class=\"ff-event-type\">Event<\/span><h2 class=\"ff-event-title\">Senior Voices: an afternoon with Elpida<\/h2><span class=\"ff-event-venue\">Meetfactory<br \/>MeetFactory, o. p. s.<br \/>\r\nKe Skl\u00e1rn\u011b 3213\/15<br \/>\r\n150&nbsp;00 Praha&nbsp;5<\/span><\/div><\/div><\/a><hr class=\"full-width\" \/><a class=\"ff-event d-flex\" href=\"https:\/\/2024.fotografestival.cz\/en\/event\/fotograf-festival-open-call-exhibition-identity\/\"><div class=\"container g-0 ps-5\"><div class=\"d-flex flex-column flex-lg-row justify-content-between\"><span class=\"ff-event-date\"><span class=\"post-date-from\">dsad17&nbsp;Nov&nbsp;&ndash;&nbsp;31&nbsp;Dec<\/span> <span>2024<\/span><\/span><span class=\"ff-event-type\">Exhibition<\/span><h2 class=\"ff-event-title\">Fotograf Festival Open Call Exhibition: Identity<\/h2><span class=\"ff-event-venue\">Exit from M\u016fstek Station, A line<br \/>V\u00e1clavsk\u00e9 n\u00e1m. 772\/2<br \/>\r\n110&nbsp;00 M\u016fstek<\/span><\/div><\/div><\/a><hr class=\"full-width\" \/><\/div>\n\t\t<!-- \/loop-events -->\n\n\t<\/div>\n\t<!-- \/events-exhibition --><\/section><!-- \/ff-events -->\n<\/div>\n<\/div><\/div><\/div><\/div><\/div><\/div>","protected":false},"excerpt":{"rendered":"<p>23&nbsp;Sep&nbsp;&ndash;&nbsp;13&nbsp;Oct 2024 v\u00fdstava Extreme self: Age of you Fotograf GalleryJungmannova&nbsp;7, Prague&nbsp;1<\/p>\n","protected":false},"author":10,"featured_media":0,"parent":7430,"menu_order":0,"comment_status":"closed","ping_status":"closed","template":"","meta":{"footnotes":""},"acf":[],"_links":{"self":[{"href":"https:\/\/2024.fotografestival.cz\/en\/wp-json\/wp\/v2\/pages\/7499"}],"collection":[{"href":"https:\/\/2024.fotografestival.cz\/en\/wp-json\/wp\/v2\/pages"}],"about":[{"href":"https:\/\/2024.fotografestival.cz\/en\/wp-json\/wp\/v2\/types\/page"}],"author":[{"embeddable":true,"href":"https:\/\/2024.fotografestival.cz\/en\/wp-json\/wp\/v2\/users\/10"}],"replies":[{"embeddable":true,"href":"https:\/\/2024.fotografestival.cz\/en\/wp-json\/wp\/v2\/comments?post=7499"}],"version-history":[{"count":4,"href":"https:\/\/2024.fotografestival.cz\/en\/wp-json\/wp\/v2\/pages\/7499\/revisions"}],"predecessor-version":[{"id":7503,"href":"https:\/\/2024.fotografestival.cz\/en\/wp-json\/wp\/v2\/pages\/7499\/revisions\/7503"}],"up":[{"embeddable":true,"href":"https:\/\/2024.fotografestival.cz\/en\/wp-json\/wp\/v2\/pages\/7430"}],"wp:attachment":[{"href":"https:\/\/2024.fotografestival.cz\/en\/wp-json\/wp\/v2\/media?parent=7499"}],"curies":[{"name":"wp","href":"https:\/\/api.w.org\/{rel}","templated":true}]}}