{"id":7487,"date":"2024-05-29T15:32:13","date_gmt":"2024-05-29T15:32:13","guid":{"rendered":"https:\/\/2024.fotografestival.cz\/rocnik-2024\/o-festivalu\/"},"modified":"2024-09-03T13:04:21","modified_gmt":"2024-09-03T13:04:21","slug":"about-the-festival","status":"publish","type":"page","link":"https:\/\/2024.fotografestival.cz\/en\/rocnik-2024\/about-the-festival\/","title":{"rendered":"About the Festival"},"content":{"rendered":"<div id=\"pl-7487\"  class=\"panel-layout\" ><div id=\"pg-7487-0\"  class=\"panel-grid panel-no-style\" ><div id=\"pgc-7487-0-0\"  class=\"panel-grid-cell\" ><div id=\"panel-7487-0-0-0\" class=\"so-panel widget widget_sow-editor panel-first-child panel-last-child width-normal\" data-index=\"0\" ><div\n\t\t\t\n\t\t\tclass=\"so-widget-sow-editor so-widget-sow-editor-base\"\n\t\t\t\n\t\t><h2 class=\"widget-title text-default\">About the Festival<\/h2>\n<div class=\"siteorigin-widget-tinymce textwidget\">\n\t<p style=\"font-weight: 400;\">The Fotograf Festival explores intersections in photography and contemporary art \u2013 just like its partner projects \u2013 <a href=\"https:\/\/fotografgallery.cz\/en\/\" target=\"_blank\" rel=\"noopener\">Fotograf Gallery<\/a> and <a href=\"https:\/\/fotografmagazine.cz\/en\/\" target=\"_blank\" rel=\"noopener\">Fotograf Magazine<\/a>. Festival is held in Autumn months and it presents current topic through solo as well as group exhibitions prepared in cooperation with invited domestic or foreign curators in various Prague galleries and institutions. A series of discussions, atist talks, site-specific events, public space exhibitions, projections and guided\/commented tours accompany that exhibition program. Fotograf Festival is the only thematic- and curator-conceived photography festival in the Czech Republic. Its aim is to promote the photographic medium and its broader integration into contemporary art and into the conscience of the general public.<\/p>\n<p style=\"font-weight: 400;\">The discussions, at which invited experts debate each other on the current festival theme in the context of visual art, are meant not only for the expert public, but for the lay public as well. Fotograf Festival looks to build a tradition and a new platform for a photography festival that places Prague among other important centers for photography and the visual arts in Europe.\u00a0 It strives to share contemporary photographic art and the creation of a thematically-focused space where the general public and experts from around the world can meet.<\/p>\n<\/div>\n<\/div><\/div><\/div><\/div><div id=\"pg-7487-1\"  class=\"panel-grid panel-no-style\" ><div id=\"pgc-7487-1-0\"  class=\"panel-grid-cell panel-grid-cell-empty\" ><\/div><\/div><div id=\"pg-7487-2\"  class=\"panel-grid panel-has-style\" ><div class=\"siteorigin-panels-stretch panel-row-style-default panel-row-width-default panel-row-padding-none panel-row-style panel-row-style-for-7487-2\" data-stretch-type=\"full-width-stretch\" ><div id=\"pgc-7487-2-0\"  class=\"panel-grid-cell\" ><div id=\"panel-7487-2-0-0\" class=\"so-panel widget widget_wpa9-headline panel-first-child panel-last-child\" data-index=\"1\" ><div\n\t\t\t\n\t\t\tclass=\"so-widget-wpa9-headline so-widget-wpa9-headline-default-c93e1481a745-7487\"\n\t\t\t\n\t\t><div class=\"wpa9-headline-container sow-headline-container\">\n\n        <div class=\"wpa9-divider decoration solid\">\n          <div class=\"wpa9-decoration-inside decoration-inside\"><\/div>\n        <\/div>\n<\/div>\n<\/div><\/div><\/div><\/div><\/div><div id=\"pg-7487-3\"  class=\"panel-grid panel-has-style\" ><div class=\"ff-archive panel-row-style-default panel-row-width-default panel-row-padding-none panel-row-style panel-row-style-for-7487-3\" ><div id=\"pgc-7487-3-0\"  class=\"panel-grid-cell\" ><div id=\"panel-7487-3-0-0\" class=\"widget_text so-panel widget widget_custom_html panel-first-child panel-last-child\" data-index=\"2\" ><h3 class=\"widget-title\">Archive<\/h3><div class=\"textwidget custom-html-widget\"><ul>\n<li><a href=\"https:\/\/2023.fotografestival.cz\/en\" target=\"_blank\" rel=\"noopener\">2023<\/a><\/li>\n<li><a href=\"https:\/\/2022.fotografestival.cz\/en\" target=\"_blank\" rel=\"noopener\">2022<\/a><\/li>\n<li><a href=\"https:\/\/2021.fotografestival.cz\/en\" target=\"_blank\" rel=\"noopener\">2021<\/a><\/li>\n<li><a href=\"https:\/\/2020.fotografestival.cz\/en\" target=\"_blank\" rel=\"noopener\">2020<\/a><\/li>\n<li><a href=\"https:\/\/2019.fotografestival.cz\/en\" target=\"_blank\" rel=\"noopener\">2019<\/a><\/li>\n<li><a href=\"https:\/\/2018.fotografestival.cz\/en\" target=\"_blank\" rel=\"noopener\">2018<\/a><\/li>\n<li><a href=\"https:\/\/2017.fotografestival.cz\/en\" target=\"_blank\" rel=\"noopener\">2017<\/a><\/li>\n<li><a href=\"https:\/\/2016.fotografestival.cz\/en\" target=\"_blank\" rel=\"noopener\">2016<\/a><\/li>\n<li><a href=\"https:\/\/2015.fotografestival.cz\/en\" target=\"_blank\" rel=\"noopener\">2015<\/a><\/li>\n<li><a href=\"https:\/\/2014.fotografestival.cz\/en\" target=\"_blank\" rel=\"noopener\">2014<\/a><\/li>\n<li><a href=\"https:\/\/2013.fotografestival.cz\/en\" target=\"_blank\" rel=\"noopener\">2013<\/a><\/li>\n<\/ul><\/div><\/div><\/div><\/div><\/div><div id=\"pg-7487-4\"  class=\"panel-grid panel-has-style\" ><div class=\"siteorigin-panels-stretch panel-row-style-default panel-row-width-default panel-row-padding-none panel-row-style panel-row-style-for-7487-4\" data-stretch-type=\"full-width-stretch\" ><div id=\"pgc-7487-4-0\"  class=\"panel-grid-cell\" ><div id=\"panel-7487-4-0-0\" class=\"so-panel widget widget_wpa9-headline panel-first-child panel-last-child\" data-index=\"3\" ><div\n\t\t\t\n\t\t\tclass=\"so-widget-wpa9-headline so-widget-wpa9-headline-default-c93e1481a745-7487\"\n\t\t\t\n\t\t><div class=\"wpa9-headline-container sow-headline-container\">\n\n        <div class=\"wpa9-divider decoration solid\">\n          <div class=\"wpa9-decoration-inside decoration-inside\"><\/div>\n        <\/div>\n<\/div>\n<\/div><\/div><\/div><\/div><\/div><div id=\"pg-7487-5\"  class=\"panel-grid panel-no-style\" ><div id=\"pgc-7487-5-0\"  class=\"panel-grid-cell\" ><div id=\"panel-7487-5-0-0\" class=\"so-panel widget widget_sow-editor panel-first-child panel-last-child width-normal\" data-index=\"4\" ><div\n\t\t\t\n\t\t\tclass=\"so-widget-sow-editor so-widget-sow-editor-base\"\n\t\t\t\n\t\t><h2 class=\"widget-title text-default\">Kontakt<\/h2>\n<div class=\"siteorigin-widget-tinymce textwidget\">\n\t<p><div class=\"ff-columns-row d-flex flex-row flex-wrap\"><br \/>\n<div class=\"col-12 col-lg-6 col-xxl-4\">\nFotograf Festival po\u0159\u00e1d\u00e1<br \/>\nFotograf 07 z.s.\n<\/div>\n<\/p>\n<p><div class=\"col-12 col-lg-6 col-xxl-4\">\nJungmannova 7<br \/>\nPraha 1, 110 00<br \/>\n<a href=\"javascript:DeCryptX('1j3q1g2q1A0f3r1u1p2i0r2c3i2p2g3w0.2e3}')\" target=\"_blank\" rel=\"noopener\">i&#110;&#102;o&#64;&#102;o&#116;ografnet.c&#122;<\/a><br \/>\n+420 222 942 334\n<\/div>\n<br \/>\n<div class=\"col-12 col-lg-6 col-xxl-4\">\n<a href=\"https:\/\/fotografestival.cz\" target=\"_blank\" rel=\"noopener noreferrer\">fotografestival.cz<\/a><br \/>\n<a href=\"https:\/\/fotografgallery.cz\" target=\"_blank\" rel=\"noopener noreferrer\">fotografgallery.cz<\/a><br \/>\n<a href=\"https:\/\/fotografmagazine.cz\" target=\"_blank\" rel=\"noopener noreferrer\">fotografmagazine.cz<\/a>\n<\/div>\n<br \/>\n<\/div><br \/>\n<div class=\"ff-columns-row d-flex flex-row flex-wrap\"><br \/>\n<div class=\"col-12 col-lg-6 col-xxl-4\">\n<p><span style=\"font-weight: 400;\"><strong>Sv\u011btlana Malinov\u00e1<\/strong><br \/>\n<\/span><span style=\"font-weight: 400;\">Art director<br \/>\n<\/span><span style=\"font-weight: 400;\"><a href=\"javascript:DeCryptX('0s3y2g1u2n2c0n3d0.1n1b3o0i3q3r0v3d3C1g2q3w2q2i1s1b0f1\/0z0o2p0e')\">sv&#101;&#116;&#108;an&#97;.m&#97;&#108;&#105;n&#111;va&#64;f&#111;&#116;&#111;graf&#46;&#122;&#111;&#110;&#101;<\/a><\/span>\n<\/div>\n<\/p>\n<div class=\"col-12 col-lg-6 col-xxl-4\">\n<span style=\"font-weight: 400;\"><strong>Noemi Smol\u00edk &amp; Adam Va\u010dk\u00e1\u0159<\/strong><br \/>\n<\/span><span style=\"font-weight: 400;\">Curators<br \/>\n<\/span><\/div>\n\n<p><div class=\"col-12 col-lg-6 col-xxl-4\">\n<span style=\"font-weight: 400;\"><strong>Pavel Mat\u011bj<\/strong><br \/>\n<\/span><span style=\"font-weight: 400;\">Festival manager<br \/>\n<\/span><span style=\"font-weight: 400;\"><a href=\"javascript:DeCryptX('3s2c2x1f1m203p3d1u2g3m2B2h3r0t3r0g0r2c0f200z0o1o0e')\">&#112;a&#118;el.m&#97;&#116;ej&#64;&#102;o&#116;&#111;g&#114;a&#102;.&#122;o&#110;&#101;<\/a>\n<\/div>\n<\/span><\/p>\n<p><\/div><br \/>\n<div class=\"ff-columns-row d-flex flex-row flex-wrap\"><\/p>\n<div class=\"col-12 col-lg-6 col-xxl-4\">\n<span style=\"font-weight: 400;\"><strong>Krist\u00fdna Khinov\u00e1<\/strong><br \/>\n<\/span><span style=\"font-weight: 400;\">Production and coordination<br \/>\n<\/span><span style=\"font-weight: 400;\"><a href=\"javascript:DeCryptX('0k1s1j0s2v0y1o0a310k1i2k3q0o3y0a0@0f3r1u1p2i2t0a2h0.0z3r0n0e')\">k&#114;&#105;&#115;&#116;y&#110;&#97;&#46;&#107;hi&#110;&#111;&#118;&#97;&#64;f&#111;t&#111;&#103;&#114;a&#102;&#46;&#122;o&#110;e<\/a><br \/>\n<\/span><\/div>\n\n<p><span style=\"font-weight: 400;\"><div class=\"col-12 col-lg-6 col-xxl-4\">\n<strong>Jan Hladonik<\/strong><br \/>\n<\/span><span style=\"font-weight: 400;\">PR &amp; Marketing<br \/>\n<\/span><span style=\"font-weight: 400;\">jan.hladonik@<\/span><span style=\"font-weight: 400;\">fotograf.zone\n<\/div>\n<br \/>\n<\/span><\/p>\n<p><span style=\"font-weight: 400;\"><div class=\"col-12 col-lg-6 col-xxl-4\">\n<\/span><span style=\"font-weight: 400;\"><strong>Jakub Tulinger<\/strong><br \/>\n<\/span><span style=\"font-weight: 400;\">Technical production<br \/>\n<\/span><span style=\"font-weight: 400;\"><a href=\"javascript:DeCryptX('0j0a0k1v0b0.3w3x2n1j3q2i3h3u3C2h0o2v1p3j1s1b2h0.2|0o1o3h')\">&#106;&#97;ku&#98;&#46;&#116;&#117;l&#105;&#110;&#103;&#101;&#114;&#64;&#102;oto&#103;&#114;&#97;&#102;&#46;&#122;one<\/a><br \/>\n<\/span><span style=\"font-weight: 400;\"><\/div>\n<\/span><\/p>\n<p><\/div><br \/>\n<div class=\"ff-columns-row d-flex flex-row flex-wrap\"><\/p>\n<p><span style=\"font-weight: 400;\"><div class=\"col-12 col-lg-6 col-xxl-4\">\n<\/span><span style=\"font-weight: 400;\"><strong>Ji\u0159\u00ed Mocek<\/strong><br \/>\n<\/span><span style=\"font-weight: 400;\">Graphic design<br \/>\n<\/span><span style=\"font-weight: 400;\"><\/div>\n<\/span><\/p>\n<p><span style=\"font-weight: 400;\"><div class=\"col-12 col-lg-6 col-xxl-4\">\n<\/span><span style=\"font-weight: 400;\"><strong>Tereza Vackov\u00e1<\/strong><br \/>\n<\/span><span style=\"font-weight: 400;\">Socials &amp; Media Relations<br \/>\n<\/span><span style=\"font-weight: 400;\"><a href=\"javascript:DeCryptX('2v1f2t2g1{2c1\/2x3d1d3n2q1w3d3C2h2q0t3r3j1s3d2h202|0o3q0e')\">&#116;&#101;&#114;&#101;za.&#118;a&#99;k&#111;v&#97;&#64;&#102;ot&#111;g&#114;&#97;f&#46;&#122;one<\/a><br \/>\n<\/span><span style=\"font-weight: 400;\"><\/div>\n<\/span><\/p>\n<p><span style=\"font-weight: 400;\"><div class=\"col-12 col-lg-6 col-xxl-4\">\n<\/span><span style=\"font-weight: 400;\"><strong>Viktorie V\u00edt\u016f<\/strong><br \/>\n<\/span><span style=\"font-weight: 400;\">Educational Program<br \/>\n<\/span><span style=\"font-weight: 400;\"><a href=\"javascript:DeCryptX('1w2k1l2v1p0r1j3h311w2k0t2w2B2h2q1u0o2i2t3d0f312|1p1o2g')\">vi&#107;&#116;&#111;&#114;ie&#46;&#118;&#105;&#116;u&#64;fo&#116;og&#114;&#97;f.&#122;&#111;n&#101;<\/a><br \/>\n<\/span><span style=\"font-weight: 400;\"><\/div>\n<\/span><\/p>\n<p><\/div><br \/>\n<div class=\"ff-columns-row d-flex flex-row flex-wrap\"><\/p>\n<p><span style=\"font-weight: 400;\"><div class=\"col-12 col-lg-6 col-xxl-4\">\n<\/span><span style=\"font-weight: 400;\"><strong>Sandra Faragula<\/strong><br \/>\n<\/span><span style=\"font-weight: 400;\">Grant agenda<br \/>\n<\/span><span style=\"font-weight: 400;\"><a href=\"javascript:DeCryptX('0s3d0n2f1s0a203i0a3u3d1h0u2n3d3C3i0o1u3r2i0r3d1g311{0o3q3h')\">sand&#114;a&#46;&#102;aragul&#97;&#64;&#102;o&#116;og&#114;a&#102;&#46;z&#111;ne<\/a>\n<\/div>\n<br \/>\n<\/span><\/p>\n<p><span style=\"font-weight: 400;\"><div class=\"col-12 col-lg-6 col-xxl-4\">\n<\/span><span style=\"font-weight: 400;\"><strong>Ian Mikyska<\/strong><br \/>\nTranslation<br \/>\n<\/span><span style=\"font-weight: 400;\"><\/div>\n<\/span><\/p>\n<p><span style=\"font-weight: 400;\"><div class=\"col-12 col-lg-6 col-xxl-4\">\n<\/span><span style=\"font-weight: 400;\"><strong>Zuzana Hanzlov\u00e1<\/strong><br \/>\nProofreading<br \/>\n<\/span><span style=\"font-weight: 400;\"><\/div>\n<\/span><\/p>\n<p><\/div><br \/>\n<div class=\"ff-columns-row d-flex flex-row flex-wrap\"><\/p>\n<p><span style=\"font-weight: 400;\"><div class=\"col-12 col-lg-6 col-xxl-4\">\n<\/span><span style=\"font-weight: 400;\"><strong>Mark\u00e9ta Kinterov\u00e1<br \/>\n<\/strong><\/span><span style=\"font-weight: 400;\">Editor-in-chief Fotograf Magazine<br \/>\n<\/span><span style=\"font-weight: 400;\"><a href=\"javascript:DeCryptX('2o0a1s0k2g2v3d313n0i2p0t1f2t3r2x1b0@1g3r2v1p2i2t3d2h310z2q1o0e')\">m&#97;&#114;&#107;et&#97;.&#107;i&#110;t&#101;&#114;ov&#97;&#64;f&#111;&#116;&#111;graf.z&#111;&#110;&#101;<\/a><br \/>\n<\/span><span style=\"font-weight: 400;\"><\/div>\n<\/span><\/p>\n<p><span style=\"font-weight: 400;\"><div class=\"col-12 col-lg-6 col-xxl-4\">\n<\/span><span style=\"font-weight: 400;\"><strong>Barbora \u010c\u00e1pov\u00e1<\/strong><br \/>\n<\/span><span style=\"font-weight: 400;\">Production, Advertisement Fotograf Magazine<br \/>\n<\/span><span style=\"font-weight: 400;\"><a href=\"javascript:DeCryptX('0b1b3u0b1p1s1b203f1b2r2q0v3d2B3i1p3w2q3j3u1b1g1\/3}1p2p3h')\">&#98;&#97;r&#98;&#111;r&#97;&#46;ca&#112;&#111;&#118;&#97;&#64;&#102;&#111;to&#103;&#114;&#97;f.&#122;one<\/a><br \/>\n<\/span><span style=\"font-weight: 400;\"><\/div>\n<\/span><\/p>\n<p><span style=\"font-weight: 400;\"><div class=\"col-12 col-lg-6 col-xxl-4\">\n<\/span><span style=\"font-weight: 400;\"><strong>Marie Rozm\u00e1nkov\u00e1<\/strong><br \/>\n<\/span><span style=\"font-weight: 400;\">Finance and Administration<br \/>\n<\/span><span style=\"font-weight: 400;\"><a href=\"javascript:DeCryptX('1n0a3u2k3h200r1p3}2o3d2p2m3r3y3d1A0f3r2v3r0g0r0a0f313}2q2p2g')\">m&#97;&#114;ie&#46;&#114;&#111;&#122;&#109;a&#110;k&#111;v&#97;&#64;&#102;ot&#111;&#103;r&#97;&#102;.zo&#110;&#101;<\/a><br \/>\n<\/span><span style=\"font-weight: 400;\"><\/div>\n<\/span><\/p>\n<p><\/div><br \/>\n<div class=\"ff-columns-row d-flex flex-row flex-wrap\"><\/p>\n<p><span style=\"font-weight: 400;\"><div class=\"col-12 col-lg-6 col-xxl-4\">\n<\/span><span style=\"font-weight: 400;\"><strong>Ale\u0161 Loziak<\/strong><br \/>\n<\/span><span style=\"font-weight: 400;\">Webmaster<br \/>\n<\/span><span style=\"font-weight: 400;\"><a href=\"javascript:DeCryptX('1b2n1f1t0.1m1p1{2k2c1l2B0f0o0t0o2i0r0a2h0.2|1p0n2g')\">&#97;l&#101;&#115;&#46;lo&#122;ia&#107;&#64;fotogr&#97;&#102;&#46;zo&#110;&#101;<\/a><br \/>\n<\/span><span style=\"font-weight: 400;\"><\/div>\n<\/span><\/p>\n<p><\/div><\/p>\n<\/div>\n<\/div><\/div><\/div><\/div><\/div>","protected":false},"excerpt":{"rendered":"<p>The Fotograf Festival explores intersections in photography and contemporary art \u2013 just like its partner projects \u2013 Fotograf Gallery and Fotograf Magazine. Festival is held in Autumn months and it presents current topic through solo as well as group exhibitions prepared in cooperation with invited domestic or foreign curators in various Prague galleries and institutions. [&hellip;]<\/p>\n","protected":false},"author":10,"featured_media":0,"parent":7430,"menu_order":0,"comment_status":"closed","ping_status":"closed","template":"","meta":{"footnotes":""},"acf":[],"_links":{"self":[{"href":"https:\/\/2024.fotografestival.cz\/en\/wp-json\/wp\/v2\/pages\/7487"}],"collection":[{"href":"https:\/\/2024.fotografestival.cz\/en\/wp-json\/wp\/v2\/pages"}],"about":[{"href":"https:\/\/2024.fotografestival.cz\/en\/wp-json\/wp\/v2\/types\/page"}],"author":[{"embeddable":true,"href":"https:\/\/2024.fotografestival.cz\/en\/wp-json\/wp\/v2\/users\/10"}],"replies":[{"embeddable":true,"href":"https:\/\/2024.fotografestival.cz\/en\/wp-json\/wp\/v2\/comments?post=7487"}],"version-history":[{"count":4,"href":"https:\/\/2024.fotografestival.cz\/en\/wp-json\/wp\/v2\/pages\/7487\/revisions"}],"predecessor-version":[{"id":8264,"href":"https:\/\/2024.fotografestival.cz\/en\/wp-json\/wp\/v2\/pages\/7487\/revisions\/8264"}],"up":[{"embeddable":true,"href":"https:\/\/2024.fotografestival.cz\/en\/wp-json\/wp\/v2\/pages\/7430"}],"wp:attachment":[{"href":"https:\/\/2024.fotografestival.cz\/en\/wp-json\/wp\/v2\/media?parent=7487"}],"curies":[{"name":"wp","href":"https:\/\/api.w.org\/{rel}","templated":true}]}}